{"id":1832,"date":"2025-05-24T16:12:33","date_gmt":"2025-05-24T21:12:33","guid":{"rendered":"https:\/\/cleanmex.com.mx\/?page_id=1832"},"modified":"2025-06-23T22:15:12","modified_gmt":"2025-06-24T03:15:12","slug":"video-institucional","status":"publish","type":"page","link":"https:\/\/cleanmex.com.mx\/es\/video-institucional\/","title":{"rendered":"Video Institucional"},"content":{"rendered":"<p>[et_pb_section fb_built=&#8221;1&#8243; _builder_version=&#8221;4.27.4&#8243; _module_preset=&#8221;default&#8221; background_color=&#8221;rgba(244,244,244,0.95)&#8221; background_image=&#8221;https:\/\/cleanmex.com.mx\/wp-content\/uploads\/2023\/10\/Cleanmex_Logo_v3.webp&#8221; background_size=&#8221;custom&#8221; background_image_width=&#8221;192px&#8221; background_repeat=&#8221;repeat&#8221; background_blend=&#8221;overlay&#8221; hover_enabled=&#8221;0&#8243; global_colors_info=&#8221;{}&#8221; custom_margin=&#8221;||0px||false|false&#8221; custom_padding=&#8221;7vh||7vh||true|false&#8221; sticky_enabled=&#8221;0&#8243; positioning=&#8221;none&#8221;][et_pb_row _builder_version=&#8221;4.27.4&#8243; _module_preset=&#8221;default&#8221; width=&#8221;100%&#8221; max_width=&#8221;100%&#8221; module_alignment=&#8221;right&#8221; custom_margin=&#8221;||||false|false&#8221; custom_padding=&#8221;60px|15vw|0|15vw|false|true&#8221; hover_enabled=&#8221;0&#8243; use_custom_width=&#8221;on&#8221; width_unit=&#8221;off&#8221; custom_width_percent=&#8221;100%&#8221; locked=&#8221;off&#8221; global_colors_info=&#8221;{}&#8221; custom_padding_last_edited=&#8221;on|phone&#8221; sticky_enabled=&#8221;0&#8243; custom_padding_phone=&#8221;5vh|10vw||10vw|false|true&#8221; custom_padding_tablet=&#8221;60px|15vw|0|15vw|false|true&#8221;][et_pb_column type=&#8221;4_4&#8243; _builder_version=&#8221;4.16&#8243; _module_preset=&#8221;default&#8221; custom_padding=&#8221;|||&#8221; custom_padding_tablet=&#8221;|10vw||10vw||true&#8221; custom_padding_phone=&#8221;|||&#8221; custom_padding_last_edited=&#8221;off|desktop&#8221; global_colors_info=&#8221;{}&#8221; custom_padding__hover=&#8221;|||&#8221;][et_pb_text _builder_version=&#8221;4.27.4&#8243; _module_preset=&#8221;default&#8221; header_font=&#8221;||||||||&#8221; header_2_font=&#8221;Raleway|600|||||||&#8221; header_2_text_color=&#8221;#2B6D36&#8243; header_2_font_size=&#8221;40px&#8221; header_2_line_height=&#8221;1.2em&#8221; header_3_text_color=&#8221;#91C53E&#8221; header_3_font_size=&#8221;24px&#8221; header_3_line_height=&#8221;1.2em&#8221; max_width=&#8221;700px&#8221; custom_padding=&#8221;|||5px||&#8221; hover_enabled=&#8221;0&#8243; header_2_font_size_tablet=&#8221;32px&#8221; header_2_font_size_phone=&#8221;24px&#8221; header_2_font_size_last_edited=&#8221;on|phone&#8221; global_colors_info=&#8221;{}&#8221; header_3_font_size_last_edited=&#8221;on|phone&#8221; header_3_font_size_phone=&#8221;20px&#8221; header_2_text_color_last_edited=&#8221;on|phone&#8221; sticky_enabled=&#8221;0&#8243; header_3_font_size_tablet=&#8221;24px&#8221; header_2_text_color_tablet=&#8221;#2B6D36&#8243; header_2_text_color_phone=&#8221;#2B6D36&#8243;]<\/p>\n<h2>Su Aliado Estrat\u00e9gico en la Gesti\u00f3n de Residuos<\/h2>\n<h3>Procesos de m\u00e1xima eficiencia y tecnolog\u00eda avanzada para la transformaci\u00f3n de residuos en recursos<\/h3>\n<p>[\/et_pb_text][et_pb_divider color=&#8221;#187CC1&#8243; divider_weight=&#8221;3px&#8221; _builder_version=&#8221;4.21.0&#8243; _module_preset=&#8221;default&#8221; max_width=&#8221;100px&#8221; height=&#8221;3px&#8221; global_colors_info=&#8221;{}&#8221;]<br \/>\n[\/et_pb_divider][\/et_pb_column][\/et_pb_row][et_pb_row _builder_version=&#8221;4.27.4&#8243; _module_preset=&#8221;default&#8221; width=&#8221;100%&#8221; max_width=&#8221;100vw&#8221; module_alignment=&#8221;center&#8221; custom_padding=&#8221;|15vw||15vw|false|true&#8221; hover_enabled=&#8221;0&#8243; custom_css_main_element=&#8221;display: flex;||  align-items: center;||  justify-content: center;&#8221; global_colors_info=&#8221;{}&#8221; custom_padding_last_edited=&#8221;on|phone&#8221; custom_padding_phone=&#8221;|10vw|0px|10vw|false|true&#8221; sticky_enabled=&#8221;0&#8243; custom_padding_tablet=&#8221;|15vw||15vw|false|true&#8221;][et_pb_column type=&#8221;4_4&#8243; _builder_version=&#8221;4.27.4&#8243; _module_preset=&#8221;default&#8221; global_colors_info=&#8221;{}&#8221;][et_pb_code module_id=&#8221;video-corporativo&#8221; _builder_version=&#8221;4.27.4&#8243; _module_preset=&#8221;default&#8221; custom_margin=&#8221;||0px||false|false&#8221; custom_padding=&#8221;||0px||false|false&#8221; hover_enabled=&#8221;0&#8243; locked=&#8221;off&#8221; global_colors_info=&#8221;{}&#8221; width=&#8221;100%&#8221; max_width=&#8221;100%&#8221; sticky_enabled=&#8221;0&#8243; raw_content_last_edited=&#8221;off|desktop&#8221; raw_content_phone=&#8221;<video id=%22video-corporativo%22 width=%22100%%22 playsinline controls loop muted autoplay><source src=%22https:\/\/cleanmex.com.mx\/wp-content\/uploads\/2025\/05\/CLEANMEX-3-MIN-CORPORATIVO-7-Marzo_1280x720_50.webm%22 type=%22video\/mp4%22>Tu navegador no soporta la etiqueta de video.<\/video>&#8220;]<video id=\"video-corporativo\" width=\"100%\" playsinline controls loop muted autoplay><!-- [et_pb_line_break_holder] --><source src=\"https:\/\/cleanmex.com.mx\/wp-content\/uploads\/2025\/05\/CLEANMEX-3-MIN-CORPORATIVO-7-Marzo_1280x720_100.webm\" type=\"video\/mp4\"><!-- [et_pb_line_break_holder] -->  Tu navegador no soporta la etiqueta de video.<!-- [et_pb_line_break_holder] --><\/video>[\/et_pb_code][\/et_pb_column][\/et_pb_row][\/et_pb_section]<\/p>\n","protected":false},"excerpt":{"rendered":"<p>Su Aliado Estrat\u00e9gico en la Gesti\u00f3n de Residuos Procesos de m\u00e1xima eficiencia y tecnolog\u00eda avanzada para la transformaci\u00f3n de residuos en recursos<\/p>\n","protected":false},"author":3,"featured_media":0,"parent":0,"menu_order":0,"comment_status":"closed","ping_status":"closed","template":"","meta":{"_et_pb_use_builder":"on","_et_pb_old_content":"","_et_gb_content_width":"","footnotes":""},"categories":[],"tags":[],"class_list":["post-1832","page","type-page","status-publish","hentry"],"_links":{"self":[{"href":"https:\/\/cleanmex.com.mx\/es\/wp-json\/wp\/v2\/pages\/1832","targetHints":{"allow":["GET"]}}],"collection":[{"href":"https:\/\/cleanmex.com.mx\/es\/wp-json\/wp\/v2\/pages"}],"about":[{"href":"https:\/\/cleanmex.com.mx\/es\/wp-json\/wp\/v2\/types\/page"}],"author":[{"embeddable":true,"href":"https:\/\/cleanmex.com.mx\/es\/wp-json\/wp\/v2\/users\/3"}],"replies":[{"embeddable":true,"href":"https:\/\/cleanmex.com.mx\/es\/wp-json\/wp\/v2\/comments?post=1832"}],"version-history":[{"count":33,"href":"https:\/\/cleanmex.com.mx\/es\/wp-json\/wp\/v2\/pages\/1832\/revisions"}],"predecessor-version":[{"id":1928,"href":"https:\/\/cleanmex.com.mx\/es\/wp-json\/wp\/v2\/pages\/1832\/revisions\/1928"}],"wp:attachment":[{"href":"https:\/\/cleanmex.com.mx\/es\/wp-json\/wp\/v2\/media?parent=1832"}],"wp:term":[{"taxonomy":"category","embeddable":true,"href":"https:\/\/cleanmex.com.mx\/es\/wp-json\/wp\/v2\/categories?post=1832"},{"taxonomy":"post_tag","embeddable":true,"href":"https:\/\/cleanmex.com.mx\/es\/wp-json\/wp\/v2\/tags?post=1832"}],"curies":[{"name":"wp","href":"https:\/\/api.w.org\/{rel}","templated":true}]}}